{"id":18,"date":"2025-06-03T12:10:09","date_gmt":"2025-06-03T12:10:09","guid":{"rendered":"https:\/\/rosim-dff8c4e9aqhwepgs.norwayeast-01.azurewebsites.net\/?page_id=18"},"modified":"2025-09-05T11:30:36","modified_gmt":"2025-09-05T11:30:36","slug":"kontakt","status":"publish","type":"page","link":"https:\/\/rosim.no\/en\/kontakt\/","title":{"rendered":"Contact"},"content":{"rendered":"<div data-elementor-type=\"wp-page\" data-elementor-id=\"18\" class=\"elementor elementor-18\">\n\t\t\t\t<div class=\"elementor-element elementor-element-8973ffe e-flex e-con-boxed wpr-particle-no wpr-jarallax-no wpr-parallax-no wpr-sticky-section-no e-con e-parent\" data-id=\"8973ffe\" data-element_type=\"container\" data-settings=\"{&quot;background_background&quot;:&quot;classic&quot;}\">\n\t\t\t\t\t<div class=\"e-con-inner\">\n\t\t<div class=\"elementor-element elementor-element-b172119 e-con-full e-flex wpr-particle-no wpr-jarallax-no wpr-parallax-no wpr-sticky-section-no e-con e-child\" data-id=\"b172119\" data-element_type=\"container\">\n\t\t\t\t<div class=\"elementor-element elementor-element-6385d9e elementor-widget elementor-widget-heading\" data-id=\"6385d9e\" data-element_type=\"widget\" data-widget_type=\"heading.default\">\n\t\t\t\t\t<h3 class=\"elementor-heading-title elementor-size-default\">Water &amp; Wastewater Technical Inquiries\n<\/h3>\t\t\t\t<\/div>\n\t\t\t\t<div class=\"elementor-element elementor-element-f2ad7f6 elementor-widget elementor-widget-heading\" data-id=\"f2ad7f6\" data-element_type=\"widget\" data-widget_type=\"heading.default\">\n\t\t\t\t\t<h3 class=\"elementor-heading-title elementor-size-default\">Geir J. Lindholm<br><\/h3>\t\t\t\t<\/div>\n\t\t\t\t<div class=\"elementor-element elementor-element-61672da elementor-widget elementor-widget-heading\" data-id=\"61672da\" data-element_type=\"widget\" data-widget_type=\"heading.default\">\n\t\t\t\t\t<h3 class=\"elementor-heading-title elementor-size-default\"><i>\nGeir has experience with measurement and modelling.<br>\ntechnical projects, water and wastewater assessments.<br><\/i>\nE-mail <a href=\"mailto:geir@rosim.no\">geir@rosim.no<\/a>\n<\/h3>\t\t\t\t<\/div>\n\t\t\t\t<div class=\"elementor-element elementor-element-54dd4d8 elementor-widget elementor-widget-heading\" data-id=\"54dd4d8\" data-element_type=\"widget\" data-widget_type=\"heading.default\">\n\t\t\t\t\t<h3 class=\"elementor-heading-title elementor-size-default\">Data and measurement-engineering inquiries\n\n<\/h3>\t\t\t\t<\/div>\n\t\t\t\t<div class=\"elementor-element elementor-element-f1722fd elementor-widget elementor-widget-heading\" data-id=\"f1722fd\" data-element_type=\"widget\" data-widget_type=\"heading.default\">\n\t\t\t\t\t<h3 class=\"elementor-heading-title elementor-size-default\">Oliver Dimovski <br><\/h3>\t\t\t\t<\/div>\n\t\t\t\t<div class=\"elementor-element elementor-element-6fbb9d9 elementor-widget elementor-widget-heading\" data-id=\"6fbb9d9\" data-element_type=\"widget\" data-widget_type=\"heading.default\">\n\t\t\t\t\t<h3 class=\"elementor-heading-title elementor-size-default\"><i>\nOliver has extensive experience in developing and <br>\nsupporting solutions for the water and wastewater <br>\n(VA) sector<br><\/i>\nE-mail  <a href=\"mailto:oliver@rosim.no\">oliver@rosim.no<\/a>\n\n<\/h3>\t\t\t\t<\/div>\n\t\t\t\t<div class=\"elementor-element elementor-element-df0d8dc elementor-widget elementor-widget-heading\" data-id=\"df0d8dc\" data-element_type=\"widget\" data-widget_type=\"heading.default\">\n\t\t\t\t\t<h3 class=\"elementor-heading-title elementor-size-default\">General enquiries\n<\/h3>\t\t\t\t<\/div>\n\t\t\t\t<div class=\"elementor-element elementor-element-014aadd elementor-widget elementor-widget-heading\" data-id=\"014aadd\" data-element_type=\"widget\" data-widget_type=\"heading.default\">\n\t\t\t\t\t<h3 class=\"elementor-heading-title elementor-size-default\">Ida Karoline I. Sl\u00e5tten<br><\/h3>\t\t\t\t<\/div>\n\t\t\t\t<div class=\"elementor-element elementor-element-96c5c84 elementor-widget elementor-widget-heading\" data-id=\"96c5c84\" data-element_type=\"widget\" data-widget_type=\"heading.default\">\n\t\t\t\t\t<h3 class=\"elementor-heading-title elementor-size-default\"><i>\nIda has a service-industry background <br>with experience in IT, customer service <br>accounting, and HR.<br><\/i>\nE-mail  <a href=\"mailto:Ida.karoline@rosim.no\">Ida.karoline@rosim.no <\/a>\n\n\n<\/h3>\t\t\t\t<\/div>\n\t\t\t\t<\/div>\n\t\t<div class=\"elementor-element elementor-element-d865892 e-con-full e-flex wpr-particle-no wpr-jarallax-no wpr-parallax-no wpr-sticky-section-no e-con e-child\" data-id=\"d865892\" data-element_type=\"container\">\n\t\t\t\t<div class=\"elementor-element elementor-element-e45d3d5 elementor-widget elementor-widget-heading\" data-id=\"e45d3d5\" data-element_type=\"widget\" data-widget_type=\"heading.default\">\n\t\t\t\t\t<h3 class=\"elementor-heading-title elementor-size-default\">Head Office<\/h3>\t\t\t\t<\/div>\n\t\t\t\t<div class=\"elementor-element elementor-element-21b56a3 elementor-widget elementor-widget-heading\" data-id=\"21b56a3\" data-element_type=\"widget\" data-widget_type=\"heading.default\">\n\t\t\t\t\t<h3 class=\"elementor-heading-title elementor-size-default\">\u00d8stre Aker Vei 19<br>\n0581 Oslo<\/h3>\t\t\t\t<\/div>\n\t\t\t\t<div class=\"elementor-element elementor-element-678c274 elementor-widget elementor-widget-google_maps\" data-id=\"678c274\" data-element_type=\"widget\" data-widget_type=\"google_maps.default\">\n\t\t\t\t\t\t\t<div class=\"elementor-custom-embed\">\n\t\t\t<iframe loading=\"lazy\"\n\t\t\t\t\tsrc=\"https:\/\/maps.google.com\/maps?q=Rosim%20As%20%C3%98stre%20Aker%20Vei%2019%200581%20Oslo&#038;t=m&#038;z=16&#038;output=embed&#038;iwloc=near\"\n\t\t\t\t\ttitle=\"Rosim As \u00d8stre Aker Vei 19 0581 Oslo\"\n\t\t\t\t\taria-label=\"Rosim As \u00d8stre Aker Vei 19 0581 Oslo\"\n\t\t\t><\/iframe>\n\t\t<\/div>\n\t\t\t\t\t\t<\/div>\n\t\t\t\t<div class=\"elementor-element elementor-element-0097268 elementor-widget elementor-widget-heading\" data-id=\"0097268\" data-element_type=\"widget\" data-widget_type=\"heading.default\">\n\t\t\t\t\t<h3 class=\"elementor-heading-title elementor-size-default\">Postal Address<\/h3>\t\t\t\t<\/div>\n\t\t\t\t<div class=\"elementor-element elementor-element-b813ddb elementor-widget elementor-widget-heading\" data-id=\"b813ddb\" data-element_type=\"widget\" data-widget_type=\"heading.default\">\n\t\t\t\t\t<h3 class=\"elementor-heading-title elementor-size-default\">Postboks 53, Vollebekk <br>\n0516 Oslo\n<\/h3>\t\t\t\t<\/div>\n\t\t\t\t<div class=\"elementor-element elementor-element-a95b2c2 elementor-widget elementor-widget-heading\" data-id=\"a95b2c2\" data-element_type=\"widget\" data-widget_type=\"heading.default\">\n\t\t\t\t\t<h3 class=\"elementor-heading-title elementor-size-default\">E-mail<\/h3>\t\t\t\t<\/div>\n\t\t\t\t<div class=\"elementor-element elementor-element-696e7cf elementor-widget elementor-widget-heading\" data-id=\"696e7cf\" data-element_type=\"widget\" data-widget_type=\"heading.default\">\n\t\t\t\t\t<h3 class=\"elementor-heading-title elementor-size-default\"><a href=\"mailto:post@rosim.no.com\">post@rosim.no<\/a>\n<\/h3>\t\t\t\t<\/div>\n\t\t<div class=\"elementor-element elementor-element-4f22051 e-con-full e-flex wpr-particle-no wpr-jarallax-no wpr-parallax-no wpr-sticky-section-no e-con e-child\" data-id=\"4f22051\" data-element_type=\"container\">\n\t\t<div class=\"elementor-element elementor-element-7edb6cb e-con-full e-flex wpr-particle-no wpr-jarallax-no wpr-parallax-no wpr-sticky-section-no e-con e-child\" data-id=\"7edb6cb\" data-element_type=\"container\">\n\t\t\t\t<div class=\"elementor-element elementor-element-0ef87c7 elementor-widget elementor-widget-heading\" data-id=\"0ef87c7\" data-element_type=\"widget\" data-widget_type=\"heading.default\">\n\t\t\t\t\t<h3 class=\"elementor-heading-title elementor-size-default\">Switchboard\n<\/h3>\t\t\t\t<\/div>\n\t\t\t\t<div class=\"elementor-element elementor-element-7c9a14d elementor-widget elementor-widget-heading\" data-id=\"7c9a14d\" data-element_type=\"widget\" data-widget_type=\"heading.default\">\n\t\t\t\t\t<h3 class=\"elementor-heading-title elementor-size-default\"><a href=\"tel:+47 479 268 00\">+47 479 268 00<\/a><\/h3>\t\t\t\t<\/div>\n\t\t\t\t<\/div>\n\t\t<div class=\"elementor-element elementor-element-26f3c9a e-con-full e-flex wpr-particle-no wpr-jarallax-no wpr-parallax-no wpr-sticky-section-no e-con e-child\" data-id=\"26f3c9a\" data-element_type=\"container\">\n\t\t\t\t<div class=\"elementor-element elementor-element-8d4343a elementor-widget elementor-widget-heading\" data-id=\"8d4343a\" data-element_type=\"widget\" data-widget_type=\"heading.default\">\n\t\t\t\t\t<h3 class=\"elementor-heading-title elementor-size-default\">WinCan Support\n<\/h3>\t\t\t\t<\/div>\n\t\t\t\t<div class=\"elementor-element elementor-element-7b65eba elementor-widget elementor-widget-heading\" data-id=\"7b65eba\" data-element_type=\"widget\" data-widget_type=\"heading.default\">\n\t\t\t\t\t<h3 class=\"elementor-heading-title elementor-size-default\"><a href=\"tel:+47 900 155 69\">+47 900 155 69<\/a>\n<\/h3>\t\t\t\t<\/div>\n\t\t\t\t<\/div>\n\t\t\t\t<\/div>\n\t\t\t\t<\/div>\n\t\t<div class=\"elementor-element elementor-element-d222e4d e-con-full e-flex wpr-particle-no wpr-jarallax-no wpr-parallax-no wpr-sticky-section-no e-con e-child\" data-id=\"d222e4d\" data-element_type=\"container\">\n\t\t\t\t<div class=\"elementor-element elementor-element-747e614 elementor-widget elementor-widget-heading\" data-id=\"747e614\" data-element_type=\"widget\" data-widget_type=\"heading.default\">\n\t\t\t\t\t<h3 class=\"elementor-heading-title elementor-size-default\">Aqua Rosim AB\n<\/h3>\t\t\t\t<\/div>\n\t\t\t\t<div class=\"elementor-element elementor-element-a7ddec0 elementor-widget elementor-widget-heading\" data-id=\"a7ddec0\" data-element_type=\"widget\" data-widget_type=\"heading.default\">\n\t\t\t\t\t<h3 class=\"elementor-heading-title elementor-size-default\">Henrik Thor\u00e9n<br><\/h3>\t\t\t\t<\/div>\n\t\t\t\t<div class=\"elementor-element elementor-element-7932295 elementor-widget elementor-widget-heading\" data-id=\"7932295\" data-element_type=\"widget\" data-widget_type=\"heading.default\">\n\t\t\t\t\t<h3 class=\"elementor-heading-title elementor-size-default\">E-mail \n <a href=\"mailto:henrik@rosim.se\">henrik@rosim.se<\/a><\/h3>\t\t\t\t<\/div>\n\t\t\t\t<div class=\"elementor-element elementor-element-025057b elementor-widget elementor-widget-heading\" data-id=\"025057b\" data-element_type=\"widget\" data-widget_type=\"heading.default\">\n\t\t\t\t\t<h3 class=\"elementor-heading-title elementor-size-default\">Office \n\n<\/h3>\t\t\t\t<\/div>\n\t\t\t\t<div class=\"elementor-element elementor-element-23616eb elementor-widget elementor-widget-heading\" data-id=\"23616eb\" data-element_type=\"widget\" data-widget_type=\"heading.default\">\n\t\t\t\t\t<h3 class=\"elementor-heading-title elementor-size-default\">Kyrkogatan 25, <br>\n274 34 Skurup<\/h3>\t\t\t\t<\/div>\n\t\t\t\t<div class=\"elementor-element elementor-element-ccdffff elementor-widget elementor-widget-heading\" data-id=\"ccdffff\" data-element_type=\"widget\" data-widget_type=\"heading.default\">\n\t\t\t\t\t<h3 class=\"elementor-heading-title elementor-size-default\">Geo Rosim Dooel\n<\/h3>\t\t\t\t<\/div>\n\t\t\t\t<div class=\"elementor-element elementor-element-dda57e0 elementor-widget elementor-widget-heading\" data-id=\"dda57e0\" data-element_type=\"widget\" data-widget_type=\"heading.default\">\n\t\t\t\t\t<h3 class=\"elementor-heading-title elementor-size-default\">Hristian Naumovski<\/h3>\t\t\t\t<\/div>\n\t\t\t\t<div class=\"elementor-element elementor-element-16e09c0 elementor-widget elementor-widget-heading\" data-id=\"16e09c0\" data-element_type=\"widget\" data-widget_type=\"heading.default\">\n\t\t\t\t\t<h3 class=\"elementor-heading-title elementor-size-default\">E-mail \n <a href=\"mailto:hristian@rosim.mk\">hristian@rosim.mk<\/a><\/h3>\t\t\t\t<\/div>\n\t\t\t\t<div class=\"elementor-element elementor-element-7ac8466 elementor-widget elementor-widget-heading\" data-id=\"7ac8466\" data-element_type=\"widget\" data-widget_type=\"heading.default\">\n\t\t\t\t\t<h3 class=\"elementor-heading-title elementor-size-default\">Office \n\n<\/h3>\t\t\t\t<\/div>\n\t\t\t\t<div class=\"elementor-element elementor-element-e13e010 elementor-widget elementor-widget-heading\" data-id=\"e13e010\" data-element_type=\"widget\" data-widget_type=\"heading.default\">\n\t\t\t\t\t<h3 class=\"elementor-heading-title elementor-size-default\">Obikolna 18, <br>\n7310 Resen,<br>North Macedonia<\/h3>\t\t\t\t<\/div>\n\t\t\t\t<\/div>\n\t\t\t\t\t<\/div>\n\t\t\t\t<\/div>\n\t\t\t\t<\/div>","protected":false},"excerpt":{"rendered":"<p>VA faglige henvendelser Geir J. Lindholm Geir har erfaring med m\u00e5le- og modell- tekniske prosjekter, VA-utredninger Epost: geir@rosim.no Data og m\u00e5letekniske sp\u00f8rsm\u00e5l Oliver Dimovski Oliver har lang erfaring med utvikling og support for VA bransjen Epost: oliver@rosim.no Generelle henvendelser Ida Karoline I. Sl\u00e5tten Ida kommer fra service bransjen og har erfaring med IT\/kunde- behandling\/regnskap\/personal Epost: Ida.karoline@rosim.no Hovedkontor \u00d8stre Aker Vei 19 0581 Oslo Postadresse Postboks 53, Vollebekk 0516 Oslo Epost post@rosim.no Sentralbord +47 479 268 00 WinCan Support +47 900 155 69 Aqua Rosim AB Henrik Thor\u00e9n Epost: henrik@rosim.se Kontor Kyrkogatan 25, 274 34 Skurup Geo Rosim Dooel Hristian Naumovski Epost: hristian@rosim.mk Kontor Obikolna 18, 7310 Resen,Nord Makedonia Kontakt for More Information<\/p>","protected":false},"author":1,"featured_media":5737,"parent":0,"menu_order":0,"comment_status":"closed","ping_status":"closed","template":"","meta":{"_acf_changed":false,"site-sidebar-layout":"no-sidebar","site-content-layout":"","ast-site-content-layout":"full-width-container","site-content-style":"default","site-sidebar-style":"default","ast-global-header-display":"","ast-banner-title-visibility":"","ast-main-header-display":"","ast-hfb-above-header-display":"","ast-hfb-below-header-display":"","ast-hfb-mobile-header-display":"","site-post-title":"","ast-breadcrumbs-content":"","ast-featured-img":"","footer-sml-layout":"","theme-transparent-header-meta":"","adv-header-id-meta":"","stick-header-meta":"","header-above-stick-meta":"","header-main-stick-meta":"","header-below-stick-meta":"","astra-migrate-meta-layouts":"default","ast-page-background-enabled":"default","ast-page-background-meta":{"desktop":{"background-color":"var(--ast-global-color-5)","background-image":"","background-repeat":"repeat","background-position":"center center","background-size":"auto","background-attachment":"scroll","background-type":"","background-media":"","overlay-type":"","overlay-color":"","overlay-opacity":"","overlay-gradient":""},"tablet":{"background-color":"","background-image":"","background-repeat":"repeat","background-position":"center center","background-size":"auto","background-attachment":"scroll","background-type":"","background-media":"","overlay-type":"","overlay-color":"","overlay-opacity":"","overlay-gradient":""},"mobile":{"background-color":"","background-image":"","background-repeat":"repeat","background-position":"center center","background-size":"auto","background-attachment":"scroll","background-type":"","background-media":"","overlay-type":"","overlay-color":"","overlay-opacity":"","overlay-gradient":""}},"ast-content-background-meta":{"desktop":{"background-color":"var(--ast-global-color-4)","background-image":"","background-repeat":"repeat","background-position":"center center","background-size":"auto","background-attachment":"scroll","background-type":"","background-media":"","overlay-type":"","overlay-color":"","overlay-opacity":"","overlay-gradient":""},"tablet":{"background-color":"var(--ast-global-color-4)","background-image":"","background-repeat":"repeat","background-position":"center center","background-size":"auto","background-attachment":"scroll","background-type":"","background-media":"","overlay-type":"","overlay-color":"","overlay-opacity":"","overlay-gradient":""},"mobile":{"background-color":"var(--ast-global-color-4)","background-image":"","background-repeat":"repeat","background-position":"center center","background-size":"auto","background-attachment":"scroll","background-type":"","background-media":"","overlay-type":"","overlay-color":"","overlay-opacity":"","overlay-gradient":""}},"footnotes":""},"class_list":["post-18","page","type-page","status-publish","has-post-thumbnail","hentry"],"acf":[],"_links":{"self":[{"href":"https:\/\/rosim.no\/en\/wp-json\/wp\/v2\/pages\/18"}],"collection":[{"href":"https:\/\/rosim.no\/en\/wp-json\/wp\/v2\/pages"}],"about":[{"href":"https:\/\/rosim.no\/en\/wp-json\/wp\/v2\/types\/page"}],"author":[{"embeddable":true,"href":"https:\/\/rosim.no\/en\/wp-json\/wp\/v2\/users\/1"}],"replies":[{"embeddable":true,"href":"https:\/\/rosim.no\/en\/wp-json\/wp\/v2\/comments?post=18"}],"version-history":[{"count":58,"href":"https:\/\/rosim.no\/en\/wp-json\/wp\/v2\/pages\/18\/revisions"}],"predecessor-version":[{"id":6278,"href":"https:\/\/rosim.no\/en\/wp-json\/wp\/v2\/pages\/18\/revisions\/6278"}],"wp:featuredmedia":[{"embeddable":true,"href":"https:\/\/rosim.no\/en\/wp-json\/wp\/v2\/media\/5737"}],"wp:attachment":[{"href":"https:\/\/rosim.no\/en\/wp-json\/wp\/v2\/media?parent=18"}],"curies":[{"name":"wp","href":"https:\/\/api.w.org\/{rel}","templated":true}]}}